{"id":73,"date":"2018-01-04T07:01:03","date_gmt":"2018-01-04T07:01:03","guid":{"rendered":"http:\/\/buruhan1.themesawesome.com\/?page_id=73"},"modified":"2024-08-22T12:13:23","modified_gmt":"2024-08-22T12:13:23","slug":"home","status":"publish","type":"page","link":"https:\/\/evliyacelebidernegi.org\/","title":{"rendered":"Ana Sayfa"},"content":{"rendered":"\t\t<div data-elementor-type=\"wp-post\" data-elementor-id=\"73\" class=\"elementor elementor-73\">\n\t\t\t\t\t\t<section class=\"elementor-section elementor-top-section elementor-element elementor-element-d3483e0 elementor-section-boxed elementor-section-height-default elementor-section-height-default\" data-id=\"d3483e0\" data-element_type=\"section\" data-settings=\"{&quot;background_background&quot;:&quot;classic&quot;}\">\n\t\t\t\t\t\t<div class=\"elementor-container elementor-column-gap-default\">\n\t\t\t\t\t<div class=\"elementor-column elementor-col-100 elementor-top-column elementor-element elementor-element-4055ead\" data-id=\"4055ead\" data-element_type=\"column\">\n\t\t\t<div class=\"elementor-widget-wrap elementor-element-populated\">\n\t\t\t\t\t\t<section class=\"elementor-section elementor-inner-section elementor-element elementor-element-feeadd9 elementor-section-boxed elementor-section-height-default elementor-section-height-default\" data-id=\"feeadd9\" data-element_type=\"section\">\n\t\t\t\t\t\t<div class=\"elementor-container elementor-column-gap-no\">\n\t\t\t\t\t<div class=\"elementor-column elementor-col-50 elementor-inner-column elementor-element elementor-element-5188f6e\" data-id=\"5188f6e\" data-element_type=\"column\">\n\t\t\t<div class=\"elementor-widget-wrap elementor-element-populated\">\n\t\t\t\t\t\t<div class=\"elementor-element elementor-element-bd73375 the-title-left elementor-widget elementor-widget-buruhan-head-title\" data-id=\"bd73375\" data-element_type=\"widget\" data-widget_type=\"buruhan-head-title.default\">\n\t\t\t\t<div class=\"elementor-widget-container\">\n\t\t\t<div class=\"head-title head-title-8 text-left clearfix\">\r\n\t<h2 class=\"the-title\">\r\n\t\tEvliya \u00c7elebi K\u00fclt\u00fcr Hizmet ve Tarihi Eserleri Onarma Derne\u011fi\t<\/h2>\r\n\t<\/div>\r\n\t\t\t\t<\/div>\n\t\t\t\t<\/div>\n\t\t\t\t<div class=\"elementor-element elementor-element-065323a elementor-widget elementor-widget-buruhan-text\" data-id=\"065323a\" data-element_type=\"widget\" data-widget_type=\"buruhan-text.default\">\n\t\t\t\t<div class=\"elementor-widget-container\">\n\t\t\t<div class=\"buruhan-text clearfix\">\r\n<p>K\u00fctahya\u2019l\u0131 d\u00fcnyaca \u00fcnl\u00fc seyyah, ilim adam\u0131, tarih\u00e7i, yazar ve halk bilimci Evliya \u00c7elebi\u2019nin (1611-1683) Ad\u0131n\u0131 Ya\u015fatmak amac\u0131yla\u00a0 2021 y\u0131l\u0131nda \"Evliya \u00c7elebi K\u00fclt\u00fcr Hizmet ve Tarihi Eserleri Onarma Derne\u011fi\" ad\u0131 ile K\u00fctahya'da kurulmu\u015ftur.<\/p><\/div>\t\t<\/div>\n\t\t\t\t<\/div>\n\t\t\t\t\t<\/div>\n\t\t<\/div>\n\t\t\t\t<div class=\"elementor-column elementor-col-50 elementor-inner-column elementor-element elementor-element-7f556a5\" data-id=\"7f556a5\" data-element_type=\"column\">\n\t\t\t<div class=\"elementor-widget-wrap elementor-element-populated\">\n\t\t\t\t\t\t\t<\/div>\n\t\t<\/div>\n\t\t\t\t\t<\/div>\n\t\t<\/section>\n\t\t\t\t\t<\/div>\n\t\t<\/div>\n\t\t\t\t\t<\/div>\n\t\t<\/section>\n\t\t\t\t<section class=\"elementor-section elementor-top-section elementor-element elementor-element-6b9456c elementor-section-boxed elementor-section-height-default elementor-section-height-default\" data-id=\"6b9456c\" data-element_type=\"section\" data-settings=\"{&quot;background_background&quot;:&quot;classic&quot;}\">\n\t\t\t\t\t\t<div class=\"elementor-container elementor-column-gap-default\">\n\t\t\t\t\t<div class=\"elementor-column elementor-col-100 elementor-top-column elementor-element elementor-element-e1528e0\" data-id=\"e1528e0\" data-element_type=\"column\">\n\t\t\t<div class=\"elementor-widget-wrap elementor-element-populated\">\n\t\t\t\t\t\t<section class=\"elementor-section elementor-inner-section elementor-element elementor-element-8dba25e elementor-section-boxed elementor-section-height-default elementor-section-height-default\" data-id=\"8dba25e\" data-element_type=\"section\">\n\t\t\t\t\t\t<div class=\"elementor-container elementor-column-gap-no\">\n\t\t\t\t\t<div class=\"elementor-column elementor-col-50 elementor-inner-column elementor-element elementor-element-f983a4f\" data-id=\"f983a4f\" data-element_type=\"column\">\n\t\t\t<div class=\"elementor-widget-wrap\">\n\t\t\t\t\t\t\t<\/div>\n\t\t<\/div>\n\t\t\t\t<div class=\"elementor-column elementor-col-50 elementor-inner-column elementor-element elementor-element-aac63b8\" data-id=\"aac63b8\" data-element_type=\"column\">\n\t\t\t<div class=\"elementor-widget-wrap\">\n\t\t\t\t\t\t\t<\/div>\n\t\t<\/div>\n\t\t\t\t\t<\/div>\n\t\t<\/section>\n\t\t\t\t<div class=\"elementor-element elementor-element-e694291 horizontal-item-left extra-padding-use elementor-widget elementor-widget-buruhan-post-block\" data-id=\"e694291\" data-element_type=\"widget\" data-widget_type=\"buruhan-post-block.default\">\n\t\t\t\t<div class=\"elementor-widget-container\">\n\t\t\t<div class=\"blog clearfix\">\r\n\t<div class=\"blog-section blog-style-1-block content-section clearfix\">\r\n\r\n\t\r\n\t<\/div>\r\n\r\n\t\r\n\t<\/div>\r\n\r\n\r\n\r\n\t\t\t\t<\/div>\n\t\t\t\t<\/div>\n\t\t\t\t\t<\/div>\n\t\t<\/div>\n\t\t\t\t\t<\/div>\n\t\t<\/section>\n\t\t\t\t<section class=\"elementor-section elementor-top-section elementor-element elementor-element-6c8349d elementor-section-boxed elementor-section-height-default elementor-section-height-default\" data-id=\"6c8349d\" data-element_type=\"section\" data-settings=\"{&quot;background_background&quot;:&quot;classic&quot;}\">\n\t\t\t\t\t\t<div class=\"elementor-container elementor-column-gap-default\">\n\t\t\t\t\t<div class=\"elementor-column elementor-col-50 elementor-top-column elementor-element elementor-element-e3a8c8f\" data-id=\"e3a8c8f\" data-element_type=\"column\">\n\t\t\t<div class=\"elementor-widget-wrap\">\n\t\t\t\t\t\t\t<\/div>\n\t\t<\/div>\n\t\t\t\t<div class=\"elementor-column elementor-col-50 elementor-top-column elementor-element elementor-element-4fb4229\" data-id=\"4fb4229\" data-element_type=\"column\">\n\t\t\t<div class=\"elementor-widget-wrap\">\n\t\t\t\t\t\t\t<\/div>\n\t\t<\/div>\n\t\t\t\t\t<\/div>\n\t\t<\/section>\n\t\t\t\t<\/div>\n\t\t","protected":false},"excerpt":{"rendered":"","protected":false},"author":1,"featured_media":0,"parent":0,"menu_order":0,"comment_status":"closed","ping_status":"closed","template":"template\/page-builder-template.php","meta":{"_monsterinsights_skip_tracking":false,"_monsterinsights_sitenote_active":false,"_monsterinsights_sitenote_note":"","_monsterinsights_sitenote_category":0,"footnotes":""},"class_list":["post-73","page","type-page","status-publish","hentry"],"acf":[],"yoast_head":"<!-- This site is optimized with the Yoast SEO plugin v23.3 - https:\/\/yoast.com\/wordpress\/plugins\/seo\/ -->\n<title>Ana Sayfa - Evliya \u00c7elebi\u00a0K\u00fclt\u00fcr Hizmet ve Tarihi Eserleri Onarma Derne\u011fi<\/title>\n<meta name=\"robots\" content=\"index, follow, max-snippet:-1, max-image-preview:large, max-video-preview:-1\" \/>\n<link rel=\"canonical\" href=\"https:\/\/evliyacelebidernegi.org\/\" \/>\n<meta property=\"og:locale\" content=\"tr_TR\" \/>\n<meta property=\"og:type\" content=\"article\" \/>\n<meta property=\"og:title\" content=\"Ana Sayfa - Evliya \u00c7elebi\u00a0K\u00fclt\u00fcr Hizmet ve Tarihi Eserleri Onarma Derne\u011fi\" \/>\n<meta property=\"og:url\" content=\"https:\/\/evliyacelebidernegi.org\/\" \/>\n<meta property=\"og:site_name\" content=\"Evliya \u00c7elebi\u00a0K\u00fclt\u00fcr Hizmet ve Tarihi Eserleri Onarma Derne\u011fi\" \/>\n<meta property=\"article:modified_time\" content=\"2024-08-22T12:13:23+00:00\" \/>\n<meta name=\"twitter:card\" content=\"summary_large_image\" \/>\n<meta name=\"twitter:label1\" content=\"Tahmini okuma s\u00fcresi\" \/>\n\t<meta name=\"twitter:data1\" content=\"1 dakika\" \/>\n<script type=\"application\/ld+json\" class=\"yoast-schema-graph\">{\"@context\":\"https:\/\/schema.org\",\"@graph\":[{\"@type\":\"WebPage\",\"@id\":\"https:\/\/evliyacelebidernegi.org\/\",\"url\":\"https:\/\/evliyacelebidernegi.org\/\",\"name\":\"Ana Sayfa - Evliya \u00c7elebi\u00a0K\u00fclt\u00fcr Hizmet ve Tarihi Eserleri Onarma Derne\u011fi\",\"isPartOf\":{\"@id\":\"https:\/\/evliyacelebidernegi.org\/#website\"},\"datePublished\":\"2018-01-04T07:01:03+00:00\",\"dateModified\":\"2024-08-22T12:13:23+00:00\",\"breadcrumb\":{\"@id\":\"https:\/\/evliyacelebidernegi.org\/#breadcrumb\"},\"inLanguage\":\"tr\",\"potentialAction\":[{\"@type\":\"ReadAction\",\"target\":[\"https:\/\/evliyacelebidernegi.org\/\"]}]},{\"@type\":\"BreadcrumbList\",\"@id\":\"https:\/\/evliyacelebidernegi.org\/#breadcrumb\",\"itemListElement\":[{\"@type\":\"ListItem\",\"position\":1,\"name\":\"Anasayfa\",\"item\":\"https:\/\/evliyacelebidernegi.org\/\"},{\"@type\":\"ListItem\",\"position\":2,\"name\":\"Ana Sayfa\"}]},{\"@type\":\"WebSite\",\"@id\":\"https:\/\/evliyacelebidernegi.org\/#website\",\"url\":\"https:\/\/evliyacelebidernegi.org\/\",\"name\":\"Evliya \u00c7elebi\u00a0K\u00fclt\u00fcr Hizmet ve Tarihi Eserleri Onarma Derne\u011fi\",\"description\":\"Evliya \u00c7elebi\u00a0K\u00fclt\u00fcr Hizmet ve Tarihi Eserleri Onarma Derne\u011fi\",\"publisher\":{\"@id\":\"https:\/\/evliyacelebidernegi.org\/#organization\"},\"potentialAction\":[{\"@type\":\"SearchAction\",\"target\":{\"@type\":\"EntryPoint\",\"urlTemplate\":\"https:\/\/evliyacelebidernegi.org\/?s={search_term_string}\"},\"query-input\":\"required name=search_term_string\"}],\"inLanguage\":\"tr\"},{\"@type\":\"Organization\",\"@id\":\"https:\/\/evliyacelebidernegi.org\/#organization\",\"name\":\"Evliya \u00c7elebi\u00a0K\u00fclt\u00fcr Hizmet ve Tarihi Eserleri Onarma Derne\u011fi\",\"url\":\"https:\/\/evliyacelebidernegi.org\/\",\"logo\":{\"@type\":\"ImageObject\",\"inLanguage\":\"tr\",\"@id\":\"https:\/\/evliyacelebidernegi.org\/#\/schema\/logo\/image\/\",\"url\":\"https:\/\/evliyacelebidernegi.org\/wp-content\/uploads\/2024\/08\/download.jpg\",\"contentUrl\":\"https:\/\/evliyacelebidernegi.org\/wp-content\/uploads\/2024\/08\/download.jpg\",\"width\":215,\"height\":235,\"caption\":\"Evliya \u00c7elebi\u00a0K\u00fclt\u00fcr Hizmet ve Tarihi Eserleri Onarma Derne\u011fi\"},\"image\":{\"@id\":\"https:\/\/evliyacelebidernegi.org\/#\/schema\/logo\/image\/\"}}]}<\/script>\n<!-- \/ Yoast SEO plugin. -->","yoast_head_json":{"title":"Ana Sayfa - Evliya \u00c7elebi\u00a0K\u00fclt\u00fcr Hizmet ve Tarihi Eserleri Onarma Derne\u011fi","robots":{"index":"index","follow":"follow","max-snippet":"max-snippet:-1","max-image-preview":"max-image-preview:large","max-video-preview":"max-video-preview:-1"},"canonical":"https:\/\/evliyacelebidernegi.org\/","og_locale":"tr_TR","og_type":"article","og_title":"Ana Sayfa - Evliya \u00c7elebi\u00a0K\u00fclt\u00fcr Hizmet ve Tarihi Eserleri Onarma Derne\u011fi","og_url":"https:\/\/evliyacelebidernegi.org\/","og_site_name":"Evliya \u00c7elebi\u00a0K\u00fclt\u00fcr Hizmet ve Tarihi Eserleri Onarma Derne\u011fi","article_modified_time":"2024-08-22T12:13:23+00:00","twitter_card":"summary_large_image","twitter_misc":{"Tahmini okuma s\u00fcresi":"1 dakika"},"schema":{"@context":"https:\/\/schema.org","@graph":[{"@type":"WebPage","@id":"https:\/\/evliyacelebidernegi.org\/","url":"https:\/\/evliyacelebidernegi.org\/","name":"Ana Sayfa - Evliya \u00c7elebi\u00a0K\u00fclt\u00fcr Hizmet ve Tarihi Eserleri Onarma Derne\u011fi","isPartOf":{"@id":"https:\/\/evliyacelebidernegi.org\/#website"},"datePublished":"2018-01-04T07:01:03+00:00","dateModified":"2024-08-22T12:13:23+00:00","breadcrumb":{"@id":"https:\/\/evliyacelebidernegi.org\/#breadcrumb"},"inLanguage":"tr","potentialAction":[{"@type":"ReadAction","target":["https:\/\/evliyacelebidernegi.org\/"]}]},{"@type":"BreadcrumbList","@id":"https:\/\/evliyacelebidernegi.org\/#breadcrumb","itemListElement":[{"@type":"ListItem","position":1,"name":"Anasayfa","item":"https:\/\/evliyacelebidernegi.org\/"},{"@type":"ListItem","position":2,"name":"Ana Sayfa"}]},{"@type":"WebSite","@id":"https:\/\/evliyacelebidernegi.org\/#website","url":"https:\/\/evliyacelebidernegi.org\/","name":"Evliya \u00c7elebi\u00a0K\u00fclt\u00fcr Hizmet ve Tarihi Eserleri Onarma Derne\u011fi","description":"Evliya \u00c7elebi\u00a0K\u00fclt\u00fcr Hizmet ve Tarihi Eserleri Onarma Derne\u011fi","publisher":{"@id":"https:\/\/evliyacelebidernegi.org\/#organization"},"potentialAction":[{"@type":"SearchAction","target":{"@type":"EntryPoint","urlTemplate":"https:\/\/evliyacelebidernegi.org\/?s={search_term_string}"},"query-input":"required name=search_term_string"}],"inLanguage":"tr"},{"@type":"Organization","@id":"https:\/\/evliyacelebidernegi.org\/#organization","name":"Evliya \u00c7elebi\u00a0K\u00fclt\u00fcr Hizmet ve Tarihi Eserleri Onarma Derne\u011fi","url":"https:\/\/evliyacelebidernegi.org\/","logo":{"@type":"ImageObject","inLanguage":"tr","@id":"https:\/\/evliyacelebidernegi.org\/#\/schema\/logo\/image\/","url":"https:\/\/evliyacelebidernegi.org\/wp-content\/uploads\/2024\/08\/download.jpg","contentUrl":"https:\/\/evliyacelebidernegi.org\/wp-content\/uploads\/2024\/08\/download.jpg","width":215,"height":235,"caption":"Evliya \u00c7elebi\u00a0K\u00fclt\u00fcr Hizmet ve Tarihi Eserleri Onarma Derne\u011fi"},"image":{"@id":"https:\/\/evliyacelebidernegi.org\/#\/schema\/logo\/image\/"}}]}},"_links":{"self":[{"href":"https:\/\/evliyacelebidernegi.org\/index.php\/wp-json\/wp\/v2\/pages\/73","targetHints":{"allow":["GET"]}}],"collection":[{"href":"https:\/\/evliyacelebidernegi.org\/index.php\/wp-json\/wp\/v2\/pages"}],"about":[{"href":"https:\/\/evliyacelebidernegi.org\/index.php\/wp-json\/wp\/v2\/types\/page"}],"author":[{"embeddable":true,"href":"https:\/\/evliyacelebidernegi.org\/index.php\/wp-json\/wp\/v2\/users\/1"}],"replies":[{"embeddable":true,"href":"https:\/\/evliyacelebidernegi.org\/index.php\/wp-json\/wp\/v2\/comments?post=73"}],"version-history":[{"count":29,"href":"https:\/\/evliyacelebidernegi.org\/index.php\/wp-json\/wp\/v2\/pages\/73\/revisions"}],"predecessor-version":[{"id":460,"href":"https:\/\/evliyacelebidernegi.org\/index.php\/wp-json\/wp\/v2\/pages\/73\/revisions\/460"}],"wp:attachment":[{"href":"https:\/\/evliyacelebidernegi.org\/index.php\/wp-json\/wp\/v2\/media?parent=73"}],"curies":[{"name":"wp","href":"https:\/\/api.w.org\/{rel}","templated":true}]}}