{"id":78,"date":"2018-01-04T07:04:38","date_gmt":"2018-01-04T07:04:38","guid":{"rendered":"http:\/\/buruhan1.themesawesome.com\/?page_id=78"},"modified":"2024-08-21T13:19:27","modified_gmt":"2024-08-21T13:19:27","slug":"about","status":"publish","type":"page","link":"https:\/\/evliyacelebidernegi.org\/index.php\/about\/","title":{"rendered":"About"},"content":{"rendered":"\t\t<div data-elementor-type=\"wp-post\" data-elementor-id=\"78\" class=\"elementor elementor-78\">\n\t\t\t\t\t\t<section class=\"elementor-section elementor-top-section elementor-element elementor-element-5b7fc1b elementor-reverse-mobile elementor-section-boxed elementor-section-height-default elementor-section-height-default\" data-id=\"5b7fc1b\" data-element_type=\"section\">\n\t\t\t\t\t\t<div class=\"elementor-container elementor-column-gap-default\">\n\t\t\t\t\t<div class=\"elementor-column elementor-col-50 elementor-top-column elementor-element elementor-element-ef0b66f\" data-id=\"ef0b66f\" data-element_type=\"column\">\n\t\t\t<div class=\"elementor-widget-wrap elementor-element-populated\">\n\t\t\t\t\t\t<div class=\"elementor-element elementor-element-0dee63e the-title-left elementor-widget elementor-widget-buruhan-head-title\" data-id=\"0dee63e\" data-element_type=\"widget\" data-widget_type=\"buruhan-head-title.default\">\n\t\t\t\t<div class=\"elementor-widget-container\">\n\t\t\t<div class=\"head-title head-title-8 text-left clearfix\">\r\n\t<h2 class=\"the-title\">\r\n\t\tK\u00fctahya<span class=\"title-end\">.<\/span>\t<\/h2>\r\n\t<\/div>\r\n\t\t\t\t<\/div>\n\t\t\t\t<\/div>\n\t\t\t\t<div class=\"elementor-element elementor-element-1140406 the-title-left elementor-widget elementor-widget-buruhan-head-title\" data-id=\"1140406\" data-element_type=\"widget\" data-widget_type=\"buruhan-head-title.default\">\n\t\t\t\t<div class=\"elementor-widget-container\">\n\t\t\t<div class=\"head-title head-title-2 text-left clearfix\">\r\n\t<h5 class=\"the-title\">\r\n\t\t\t\tEvliya \u00c7elebi K\u00fctahya i\u00e7in ne dedi?\t<\/h5>\r\n<\/div>\r\n\t\t\t\t<\/div>\n\t\t\t\t<\/div>\n\t\t\t\t<div class=\"elementor-element elementor-element-8c4dcbe elementor-widget elementor-widget-buruhan-text\" data-id=\"8c4dcbe\" data-element_type=\"widget\" data-widget_type=\"buruhan-text.default\">\n\t\t\t\t<div class=\"elementor-widget-container\">\n\t\t\t<div class=\"buruhan-text clearfix\">\r\n<div data-hveid=\"CB4QAQ\" data-ved=\"2ahUKEwjztoL3lYaIAxWWcfEDHbLeHD4Qj7gIegQIHhAB\"><div class=\"dnXCYb\" tabindex=\"0\" role=\"button\" aria-controls=\"_BenFZrOgIJbjxc8Psr3z8AM_24\" aria-expanded=\"true\">\u00a0<\/div><\/div><div id=\"_BenFZrOgIJbjxc8Psr3z8AM_24\" class=\"bCOlv\" data-ved=\"2ahUKEwjztoL3lYaIAxWWcfEDHbLeHD4Q7NUEegQIHhAE\"><div class=\"IZE3Td\"><div class=\"r2fjmd t0bRye\" data-hveid=\"CB4QBQ\" data-ved=\"2ahUKEwjztoL3lYaIAxWWcfEDHbLeHD4Qu04oAHoECB4QBQ\"><div id=\"BenFZrOgIJbjxc8Psr3z8AM__52\"><div class=\"wDYxhc NFQFxe oHglmf xzPb7d\" data-md=\"32\" data-hveid=\"CGQQAA\" data-ved=\"2ahUKEwjztoL3lYaIAxWWcfEDHbLeHD4Q4dMGKAB6BAhkEAA\"><div id=\"media_result_group\" class=\"H8O85d kno-mrg-si kno-mrg kno-swp\" data-hveid=\"CGQQAQ\"><div class=\"iKjSFe aUc9Gd\"><div data-count=\"1\" data-hveid=\"CGYQAA\"><div><div data-ivep=\"true\"><div class=\"RYdNQb\" data-h=\"130\" data-nr=\"1\" data-ved=\"2ahUKEwjztoL3lYaIAxWWcfEDHbLeHD4QyQ0oAHoECGYQAg\"><div class=\"eA0Zlc WghbWd FnEtTd ivg-i PZPZlf img-kc-m GMCzAd\" aria-hidden=\"true\" data-attrid=\"image\" data-docid=\"0COcy75whwd0nM\" data-ivep=\"true\" data-lpage=\"https:\/\/www.kulturportali.gov.tr\/turkiye\/kutahya\/gezilecekyer\/evlya-celeb-aniti\" data-ni=\"1\" data-ref-docid=\"bs-nlIRnIFhsZM\" data-hveid=\"CGUQAA\" data-ved=\"2ahUKEwjztoL3lYaIAxWWcfEDHbLeHD4Qzkx6BAhlEAA\"><div><div class=\"BfmEZb\">\u00a0<\/div><\/div><\/div><\/div><\/div><\/div><\/div><\/div><\/div><\/div><\/div><div id=\"BenFZrOgIJbjxc8Psr3z8AM__56\"><div class=\"wDYxhc\" data-md=\"61\"><div class=\"LGOjhe\" role=\"heading\" data-attrid=\"wa:\/description\" aria-level=\"3\" data-hveid=\"CGMQAA\"><span class=\"BxUVEf ILfuVd\" lang=\"tr\"><span class=\"hgKElc\"><b>Evliya \u00c7elebi<\/b>\u00a0Seyahatname'sinde\u00a0<b>K\u00fctahya<\/b>'dan bahsederken ''<b>K\u00fctahya<\/b>'n\u0131n havas\u0131 ve suyu g\u00fczeldir, fincan\u0131 \u00e7e\u015fitli ma\u015frapa ve testileri, \u00e7anak ve tabaklar\u0131 hi\u00e7bir yerde yoktur. \u015eehrin i\u00e7inde binden fazla kayalardan akan buz gibi sular\u0131 vard\u0131r. Mahbup ve mahbubesi, alim ve fad\u0131llar\u0131 \u00e7oktur.\u201d diye tan\u0131mlam\u0131\u015ft\u0131r.<\/span><\/span><\/div><\/div><\/div><\/div><\/div><\/div><\/div>\t\t<\/div>\n\t\t\t\t<\/div>\n\t\t\t\t\t<\/div>\n\t\t<\/div>\n\t\t\t\t<div class=\"elementor-column elementor-col-50 elementor-top-column elementor-element elementor-element-5da4f82\" data-id=\"5da4f82\" data-element_type=\"column\">\n\t\t\t<div class=\"elementor-widget-wrap elementor-element-populated\">\n\t\t\t\t\t\t<div class=\"elementor-element elementor-element-909ff4e elementor-widget elementor-widget-image\" data-id=\"909ff4e\" data-element_type=\"widget\" data-widget_type=\"image.default\">\n\t\t\t\t<div class=\"elementor-widget-container\">\n\t\t\t<style>\/*! elementor - v3.23.0 - 05-08-2024 *\/\n.elementor-widget-image{text-align:center}.elementor-widget-image a{display:inline-block}.elementor-widget-image a img[src$=\".svg\"]{width:48px}.elementor-widget-image img{vertical-align:middle;display:inline-block}<\/style>\t\t\t\t\t\t\t\t\t\t<img fetchpriority=\"high\" decoding=\"async\" width=\"540\" height=\"312\" src=\"https:\/\/evliyacelebidernegi.org\/wp-content\/uploads\/2024\/08\/download-1.jpg\" class=\"attachment-full size-full wp-image-437\" alt=\"\" srcset=\"https:\/\/evliyacelebidernegi.org\/wp-content\/uploads\/2024\/08\/download-1.jpg 540w, https:\/\/evliyacelebidernegi.org\/wp-content\/uploads\/2024\/08\/download-1-300x173.jpg 300w\" sizes=\"(max-width: 540px) 100vw, 540px\" \/>\t\t\t\t\t\t\t\t\t\t\t\t\t<\/div>\n\t\t\t\t<\/div>\n\t\t\t\t\t<\/div>\n\t\t<\/div>\n\t\t\t\t\t<\/div>\n\t\t<\/section>\n\t\t\t\t<section class=\"elementor-section elementor-top-section elementor-element elementor-element-4fbc09a elementor-section-boxed elementor-section-height-default elementor-section-height-default\" data-id=\"4fbc09a\" data-element_type=\"section\" data-settings=\"{&quot;background_background&quot;:&quot;classic&quot;}\">\n\t\t\t\t\t\t<div class=\"elementor-container elementor-column-gap-default\">\n\t\t\t\t\t<div class=\"elementor-column elementor-col-50 elementor-top-column elementor-element elementor-element-492f6b96\" data-id=\"492f6b96\" data-element_type=\"column\">\n\t\t\t<div class=\"elementor-widget-wrap\">\n\t\t\t\t\t\t\t<\/div>\n\t\t<\/div>\n\t\t\t\t<div class=\"elementor-column elementor-col-50 elementor-top-column elementor-element elementor-element-13c04ef7\" data-id=\"13c04ef7\" data-element_type=\"column\">\n\t\t\t<div class=\"elementor-widget-wrap\">\n\t\t\t\t\t\t\t<\/div>\n\t\t<\/div>\n\t\t\t\t\t<\/div>\n\t\t<\/section>\n\t\t\t\t<\/div>\n\t\t","protected":false},"excerpt":{"rendered":"","protected":false},"author":1,"featured_media":0,"parent":0,"menu_order":0,"comment_status":"closed","ping_status":"closed","template":"template\/page-builder-template.php","meta":{"_monsterinsights_skip_tracking":false,"_monsterinsights_sitenote_active":false,"_monsterinsights_sitenote_note":"","_monsterinsights_sitenote_category":0,"footnotes":""},"class_list":["post-78","page","type-page","status-publish","hentry"],"acf":[],"yoast_head":"<!-- This site is optimized with the Yoast SEO plugin v23.3 - https:\/\/yoast.com\/wordpress\/plugins\/seo\/ -->\n<title>About - Evliya \u00c7elebi\u00a0K\u00fclt\u00fcr Hizmet ve Tarihi Eserleri Onarma Derne\u011fi<\/title>\n<meta name=\"robots\" content=\"index, follow, max-snippet:-1, max-image-preview:large, max-video-preview:-1\" \/>\n<link rel=\"canonical\" href=\"https:\/\/evliyacelebidernegi.org\/index.php\/about\/\" \/>\n<meta property=\"og:locale\" content=\"tr_TR\" \/>\n<meta property=\"og:type\" content=\"article\" \/>\n<meta property=\"og:title\" content=\"About - Evliya \u00c7elebi\u00a0K\u00fclt\u00fcr Hizmet ve Tarihi Eserleri Onarma Derne\u011fi\" \/>\n<meta property=\"og:url\" content=\"https:\/\/evliyacelebidernegi.org\/index.php\/about\/\" \/>\n<meta property=\"og:site_name\" content=\"Evliya \u00c7elebi\u00a0K\u00fclt\u00fcr Hizmet ve Tarihi Eserleri Onarma Derne\u011fi\" \/>\n<meta property=\"article:modified_time\" content=\"2024-08-21T13:19:27+00:00\" \/>\n<meta property=\"og:image\" content=\"https:\/\/evliyacelebidernegi.org\/wp-content\/uploads\/2024\/08\/download-1.jpg\" \/>\n<meta name=\"twitter:card\" content=\"summary_large_image\" \/>\n<script type=\"application\/ld+json\" class=\"yoast-schema-graph\">{\"@context\":\"https:\/\/schema.org\",\"@graph\":[{\"@type\":\"WebPage\",\"@id\":\"https:\/\/evliyacelebidernegi.org\/index.php\/about\/\",\"url\":\"https:\/\/evliyacelebidernegi.org\/index.php\/about\/\",\"name\":\"About - Evliya \u00c7elebi\u00a0K\u00fclt\u00fcr Hizmet ve Tarihi Eserleri Onarma Derne\u011fi\",\"isPartOf\":{\"@id\":\"https:\/\/evliyacelebidernegi.org\/#website\"},\"primaryImageOfPage\":{\"@id\":\"https:\/\/evliyacelebidernegi.org\/index.php\/about\/#primaryimage\"},\"image\":{\"@id\":\"https:\/\/evliyacelebidernegi.org\/index.php\/about\/#primaryimage\"},\"thumbnailUrl\":\"https:\/\/evliyacelebidernegi.org\/wp-content\/uploads\/2024\/08\/download-1.jpg\",\"datePublished\":\"2018-01-04T07:04:38+00:00\",\"dateModified\":\"2024-08-21T13:19:27+00:00\",\"breadcrumb\":{\"@id\":\"https:\/\/evliyacelebidernegi.org\/index.php\/about\/#breadcrumb\"},\"inLanguage\":\"tr\",\"potentialAction\":[{\"@type\":\"ReadAction\",\"target\":[\"https:\/\/evliyacelebidernegi.org\/index.php\/about\/\"]}]},{\"@type\":\"ImageObject\",\"inLanguage\":\"tr\",\"@id\":\"https:\/\/evliyacelebidernegi.org\/index.php\/about\/#primaryimage\",\"url\":\"https:\/\/evliyacelebidernegi.org\/wp-content\/uploads\/2024\/08\/download-1.jpg\",\"contentUrl\":\"https:\/\/evliyacelebidernegi.org\/wp-content\/uploads\/2024\/08\/download-1.jpg\",\"width\":540,\"height\":312},{\"@type\":\"BreadcrumbList\",\"@id\":\"https:\/\/evliyacelebidernegi.org\/index.php\/about\/#breadcrumb\",\"itemListElement\":[{\"@type\":\"ListItem\",\"position\":1,\"name\":\"Anasayfa\",\"item\":\"https:\/\/evliyacelebidernegi.org\/\"},{\"@type\":\"ListItem\",\"position\":2,\"name\":\"About\"}]},{\"@type\":\"WebSite\",\"@id\":\"https:\/\/evliyacelebidernegi.org\/#website\",\"url\":\"https:\/\/evliyacelebidernegi.org\/\",\"name\":\"Evliya \u00c7elebi\u00a0K\u00fclt\u00fcr Hizmet ve Tarihi Eserleri Onarma Derne\u011fi\",\"description\":\"Evliya \u00c7elebi\u00a0K\u00fclt\u00fcr Hizmet ve Tarihi Eserleri Onarma Derne\u011fi\",\"publisher\":{\"@id\":\"https:\/\/evliyacelebidernegi.org\/#organization\"},\"potentialAction\":[{\"@type\":\"SearchAction\",\"target\":{\"@type\":\"EntryPoint\",\"urlTemplate\":\"https:\/\/evliyacelebidernegi.org\/?s={search_term_string}\"},\"query-input\":\"required name=search_term_string\"}],\"inLanguage\":\"tr\"},{\"@type\":\"Organization\",\"@id\":\"https:\/\/evliyacelebidernegi.org\/#organization\",\"name\":\"Evliya \u00c7elebi\u00a0K\u00fclt\u00fcr Hizmet ve Tarihi Eserleri Onarma Derne\u011fi\",\"url\":\"https:\/\/evliyacelebidernegi.org\/\",\"logo\":{\"@type\":\"ImageObject\",\"inLanguage\":\"tr\",\"@id\":\"https:\/\/evliyacelebidernegi.org\/#\/schema\/logo\/image\/\",\"url\":\"https:\/\/evliyacelebidernegi.org\/wp-content\/uploads\/2024\/08\/download.jpg\",\"contentUrl\":\"https:\/\/evliyacelebidernegi.org\/wp-content\/uploads\/2024\/08\/download.jpg\",\"width\":215,\"height\":235,\"caption\":\"Evliya \u00c7elebi\u00a0K\u00fclt\u00fcr Hizmet ve Tarihi Eserleri Onarma Derne\u011fi\"},\"image\":{\"@id\":\"https:\/\/evliyacelebidernegi.org\/#\/schema\/logo\/image\/\"}}]}<\/script>\n<!-- \/ Yoast SEO plugin. -->","yoast_head_json":{"title":"About - Evliya \u00c7elebi\u00a0K\u00fclt\u00fcr Hizmet ve Tarihi Eserleri Onarma Derne\u011fi","robots":{"index":"index","follow":"follow","max-snippet":"max-snippet:-1","max-image-preview":"max-image-preview:large","max-video-preview":"max-video-preview:-1"},"canonical":"https:\/\/evliyacelebidernegi.org\/index.php\/about\/","og_locale":"tr_TR","og_type":"article","og_title":"About - Evliya \u00c7elebi\u00a0K\u00fclt\u00fcr Hizmet ve Tarihi Eserleri Onarma Derne\u011fi","og_url":"https:\/\/evliyacelebidernegi.org\/index.php\/about\/","og_site_name":"Evliya \u00c7elebi\u00a0K\u00fclt\u00fcr Hizmet ve Tarihi Eserleri Onarma Derne\u011fi","article_modified_time":"2024-08-21T13:19:27+00:00","og_image":[{"url":"https:\/\/evliyacelebidernegi.org\/wp-content\/uploads\/2024\/08\/download-1.jpg"}],"twitter_card":"summary_large_image","schema":{"@context":"https:\/\/schema.org","@graph":[{"@type":"WebPage","@id":"https:\/\/evliyacelebidernegi.org\/index.php\/about\/","url":"https:\/\/evliyacelebidernegi.org\/index.php\/about\/","name":"About - Evliya \u00c7elebi\u00a0K\u00fclt\u00fcr Hizmet ve Tarihi Eserleri Onarma Derne\u011fi","isPartOf":{"@id":"https:\/\/evliyacelebidernegi.org\/#website"},"primaryImageOfPage":{"@id":"https:\/\/evliyacelebidernegi.org\/index.php\/about\/#primaryimage"},"image":{"@id":"https:\/\/evliyacelebidernegi.org\/index.php\/about\/#primaryimage"},"thumbnailUrl":"https:\/\/evliyacelebidernegi.org\/wp-content\/uploads\/2024\/08\/download-1.jpg","datePublished":"2018-01-04T07:04:38+00:00","dateModified":"2024-08-21T13:19:27+00:00","breadcrumb":{"@id":"https:\/\/evliyacelebidernegi.org\/index.php\/about\/#breadcrumb"},"inLanguage":"tr","potentialAction":[{"@type":"ReadAction","target":["https:\/\/evliyacelebidernegi.org\/index.php\/about\/"]}]},{"@type":"ImageObject","inLanguage":"tr","@id":"https:\/\/evliyacelebidernegi.org\/index.php\/about\/#primaryimage","url":"https:\/\/evliyacelebidernegi.org\/wp-content\/uploads\/2024\/08\/download-1.jpg","contentUrl":"https:\/\/evliyacelebidernegi.org\/wp-content\/uploads\/2024\/08\/download-1.jpg","width":540,"height":312},{"@type":"BreadcrumbList","@id":"https:\/\/evliyacelebidernegi.org\/index.php\/about\/#breadcrumb","itemListElement":[{"@type":"ListItem","position":1,"name":"Anasayfa","item":"https:\/\/evliyacelebidernegi.org\/"},{"@type":"ListItem","position":2,"name":"About"}]},{"@type":"WebSite","@id":"https:\/\/evliyacelebidernegi.org\/#website","url":"https:\/\/evliyacelebidernegi.org\/","name":"Evliya \u00c7elebi\u00a0K\u00fclt\u00fcr Hizmet ve Tarihi Eserleri Onarma Derne\u011fi","description":"Evliya \u00c7elebi\u00a0K\u00fclt\u00fcr Hizmet ve Tarihi Eserleri Onarma Derne\u011fi","publisher":{"@id":"https:\/\/evliyacelebidernegi.org\/#organization"},"potentialAction":[{"@type":"SearchAction","target":{"@type":"EntryPoint","urlTemplate":"https:\/\/evliyacelebidernegi.org\/?s={search_term_string}"},"query-input":"required name=search_term_string"}],"inLanguage":"tr"},{"@type":"Organization","@id":"https:\/\/evliyacelebidernegi.org\/#organization","name":"Evliya \u00c7elebi\u00a0K\u00fclt\u00fcr Hizmet ve Tarihi Eserleri Onarma Derne\u011fi","url":"https:\/\/evliyacelebidernegi.org\/","logo":{"@type":"ImageObject","inLanguage":"tr","@id":"https:\/\/evliyacelebidernegi.org\/#\/schema\/logo\/image\/","url":"https:\/\/evliyacelebidernegi.org\/wp-content\/uploads\/2024\/08\/download.jpg","contentUrl":"https:\/\/evliyacelebidernegi.org\/wp-content\/uploads\/2024\/08\/download.jpg","width":215,"height":235,"caption":"Evliya \u00c7elebi\u00a0K\u00fclt\u00fcr Hizmet ve Tarihi Eserleri Onarma Derne\u011fi"},"image":{"@id":"https:\/\/evliyacelebidernegi.org\/#\/schema\/logo\/image\/"}}]}},"_links":{"self":[{"href":"https:\/\/evliyacelebidernegi.org\/index.php\/wp-json\/wp\/v2\/pages\/78","targetHints":{"allow":["GET"]}}],"collection":[{"href":"https:\/\/evliyacelebidernegi.org\/index.php\/wp-json\/wp\/v2\/pages"}],"about":[{"href":"https:\/\/evliyacelebidernegi.org\/index.php\/wp-json\/wp\/v2\/types\/page"}],"author":[{"embeddable":true,"href":"https:\/\/evliyacelebidernegi.org\/index.php\/wp-json\/wp\/v2\/users\/1"}],"replies":[{"embeddable":true,"href":"https:\/\/evliyacelebidernegi.org\/index.php\/wp-json\/wp\/v2\/comments?post=78"}],"version-history":[{"count":5,"href":"https:\/\/evliyacelebidernegi.org\/index.php\/wp-json\/wp\/v2\/pages\/78\/revisions"}],"predecessor-version":[{"id":441,"href":"https:\/\/evliyacelebidernegi.org\/index.php\/wp-json\/wp\/v2\/pages\/78\/revisions\/441"}],"wp:attachment":[{"href":"https:\/\/evliyacelebidernegi.org\/index.php\/wp-json\/wp\/v2\/media?parent=78"}],"curies":[{"name":"wp","href":"https:\/\/api.w.org\/{rel}","templated":true}]}}