{"id":80,"date":"2018-01-04T07:05:08","date_gmt":"2018-01-04T07:05:08","guid":{"rendered":"http:\/\/buruhan1.themesawesome.com\/?page_id=80"},"modified":"2024-08-21T13:25:47","modified_gmt":"2024-08-21T13:25:47","slug":"contact","status":"publish","type":"page","link":"https:\/\/evliyacelebidernegi.org\/index.php\/contact\/","title":{"rendered":"Contact"},"content":{"rendered":"\t\t<div data-elementor-type=\"wp-post\" data-elementor-id=\"80\" class=\"elementor elementor-80\">\n\t\t\t\t\t\t<section class=\"elementor-section elementor-top-section elementor-element elementor-element-f7080d7 elementor-section-boxed elementor-section-height-default elementor-section-height-default\" data-id=\"f7080d7\" data-element_type=\"section\" data-settings=\"{&quot;background_background&quot;:&quot;classic&quot;}\">\n\t\t\t\t\t\t<div class=\"elementor-container elementor-column-gap-default\">\n\t\t\t\t\t<div class=\"elementor-column elementor-col-50 elementor-top-column elementor-element elementor-element-eee94f9\" data-id=\"eee94f9\" data-element_type=\"column\">\n\t\t\t<div class=\"elementor-widget-wrap elementor-element-populated\">\n\t\t\t\t\t\t<div class=\"elementor-element elementor-element-7db830b elementor-widget elementor-widget-google_maps\" data-id=\"7db830b\" data-element_type=\"widget\" data-widget_type=\"google_maps.default\">\n\t\t\t\t<div class=\"elementor-widget-container\">\n\t\t\t<style>\/*! elementor - v3.23.0 - 05-08-2024 *\/\n.elementor-widget-google_maps .elementor-widget-container{overflow:hidden}.elementor-widget-google_maps .elementor-custom-embed{line-height:0}.elementor-widget-google_maps iframe{height:300px}<\/style>\t\t<div class=\"elementor-custom-embed\">\n\t\t\t<iframe loading=\"lazy\"\n\t\t\t\t\tsrc=\"https:\/\/maps.google.com\/maps?q=%20Saray%20Mah.%202.%20G%C3%BCm%C3%BC%C5%9F%20E%C5%9Fik%20Sok.%20K%C3%BCtahya%20Merkez%2C%20K%C3%BCtahya&#038;t=m&#038;z=17&#038;output=embed&#038;iwloc=near\"\n\t\t\t\t\ttitle=\" Saray Mah. 2. G\u00fcm\u00fc\u015f E\u015fik Sok. K\u00fctahya Merkez, K\u00fctahya\"\n\t\t\t\t\taria-label=\" Saray Mah. 2. G\u00fcm\u00fc\u015f E\u015fik Sok. K\u00fctahya Merkez, K\u00fctahya\"\n\t\t\t><\/iframe>\n\t\t<\/div>\n\t\t\t\t<\/div>\n\t\t\t\t<\/div>\n\t\t\t\t\t<\/div>\n\t\t<\/div>\n\t\t\t\t<div class=\"elementor-column elementor-col-50 elementor-top-column elementor-element elementor-element-99e3594\" data-id=\"99e3594\" data-element_type=\"column\">\n\t\t\t<div class=\"elementor-widget-wrap elementor-element-populated\">\n\t\t\t\t\t\t<div class=\"elementor-element elementor-element-d7e7118 the-title-left elementor-widget elementor-widget-buruhan-head-title\" data-id=\"d7e7118\" data-element_type=\"widget\" data-widget_type=\"buruhan-head-title.default\">\n\t\t\t\t<div class=\"elementor-widget-container\">\n\t\t\t<div class=\"head-title head-title-2 text-left clearfix\">\r\n\t<h3 class=\"the-title\">\r\n\t\t\t\t\u0130leti\u015fim\t<\/h3>\r\n<\/div>\r\n\t\t\t\t<\/div>\n\t\t\t\t<\/div>\n\t\t\t\t<section class=\"elementor-section elementor-inner-section elementor-element elementor-element-94e2f55 elementor-section-boxed elementor-section-height-default elementor-section-height-default\" data-id=\"94e2f55\" data-element_type=\"section\">\n\t\t\t\t\t\t<div class=\"elementor-container elementor-column-gap-no\">\n\t\t\t\t\t<div class=\"elementor-column elementor-col-50 elementor-inner-column elementor-element elementor-element-6b6be1f\" data-id=\"6b6be1f\" data-element_type=\"column\">\n\t\t\t<div class=\"elementor-widget-wrap elementor-element-populated\">\n\t\t\t\t\t\t<div class=\"elementor-element elementor-element-87d95d8 the-title-left elementor-widget elementor-widget-buruhan-head-title\" data-id=\"87d95d8\" data-element_type=\"widget\" data-widget_type=\"buruhan-head-title.default\">\n\t\t\t\t<div class=\"elementor-widget-container\">\n\t\t\t<div class=\"head-title head-title-2 text-left clearfix\">\r\n\t<h4 class=\"the-title\">\r\n\t\t\t\tAdres\t<\/h4>\r\n<\/div>\r\n\t\t\t\t<\/div>\n\t\t\t\t<\/div>\n\t\t\t\t<div class=\"elementor-element elementor-element-a38a1a5 elementor-widget elementor-widget-buruhan-text\" data-id=\"a38a1a5\" data-element_type=\"widget\" data-widget_type=\"buruhan-text.default\">\n\t\t\t\t<div class=\"elementor-widget-container\">\n\t\t\t<div class=\"buruhan-text clearfix\">\r\n<p>Saray Mah. 2. G\u00fcm\u00fc\u015f E\u015fik Sok. K\u00fctahya Merkez, K\u00fctahya<\/p><\/div>\t\t<\/div>\n\t\t\t\t<\/div>\n\t\t\t\t\t<\/div>\n\t\t<\/div>\n\t\t\t\t<div class=\"elementor-column elementor-col-50 elementor-inner-column elementor-element elementor-element-a73f7ca\" data-id=\"a73f7ca\" data-element_type=\"column\">\n\t\t\t<div class=\"elementor-widget-wrap elementor-element-populated\">\n\t\t\t\t\t\t<div class=\"elementor-element elementor-element-bca3ed7 the-title-left elementor-widget elementor-widget-buruhan-head-title\" data-id=\"bca3ed7\" data-element_type=\"widget\" data-widget_type=\"buruhan-head-title.default\">\n\t\t\t\t<div class=\"elementor-widget-container\">\n\t\t\t<div class=\"head-title head-title-2 text-left clearfix\">\r\n\t<h4 class=\"the-title\">\r\n\t\t\t\tTelefon ve E-posta\t<\/h4>\r\n<\/div>\r\n\t\t\t\t<\/div>\n\t\t\t\t<\/div>\n\t\t\t\t<div class=\"elementor-element elementor-element-b0a38fd elementor-widget elementor-widget-buruhan-text\" data-id=\"b0a38fd\" data-element_type=\"widget\" data-widget_type=\"buruhan-text.default\">\n\t\t\t\t<div class=\"elementor-widget-container\">\n\t\t\t<div class=\"buruhan-text clearfix\">\r\n<p>Telefon:<\/p><p><span style=\"color: #ffc952;\">0274 224 72 73<\/span><\/p><div class=\"details_list_content_class\">E-posta: <span style=\"color: #ffc952;\">evliyacelebidernegi@gmail.com<\/span><\/div><\/div>\t\t<\/div>\n\t\t\t\t<\/div>\n\t\t\t\t\t<\/div>\n\t\t<\/div>\n\t\t\t\t\t<\/div>\n\t\t<\/section>\n\t\t\t\t\t<\/div>\n\t\t<\/div>\n\t\t\t\t\t<\/div>\n\t\t<\/section>\n\t\t\t\t<section class=\"elementor-section elementor-top-section elementor-element elementor-element-194ae05 elementor-section-boxed elementor-section-height-default elementor-section-height-default\" data-id=\"194ae05\" data-element_type=\"section\" data-settings=\"{&quot;background_background&quot;:&quot;classic&quot;}\">\n\t\t\t\t\t\t<div class=\"elementor-container elementor-column-gap-default\">\n\t\t\t\t\t<div class=\"elementor-column elementor-col-100 elementor-top-column elementor-element elementor-element-c27d228\" data-id=\"c27d228\" data-element_type=\"column\">\n\t\t\t<div class=\"elementor-widget-wrap\">\n\t\t\t\t\t\t\t<\/div>\n\t\t<\/div>\n\t\t\t\t\t<\/div>\n\t\t<\/section>\n\t\t\t\t<\/div>\n\t\t","protected":false},"excerpt":{"rendered":"","protected":false},"author":1,"featured_media":0,"parent":0,"menu_order":0,"comment_status":"closed","ping_status":"closed","template":"template\/page-builder-template.php","meta":{"_monsterinsights_skip_tracking":false,"_monsterinsights_sitenote_active":false,"_monsterinsights_sitenote_note":"","_monsterinsights_sitenote_category":0,"footnotes":""},"class_list":["post-80","page","type-page","status-publish","hentry"],"acf":[],"yoast_head":"<!-- This site is optimized with the Yoast SEO plugin v23.3 - https:\/\/yoast.com\/wordpress\/plugins\/seo\/ -->\n<title>Contact - Evliya \u00c7elebi\u00a0K\u00fclt\u00fcr Hizmet ve Tarihi Eserleri Onarma Derne\u011fi<\/title>\n<meta name=\"robots\" content=\"index, follow, max-snippet:-1, max-image-preview:large, max-video-preview:-1\" \/>\n<link rel=\"canonical\" href=\"https:\/\/evliyacelebidernegi.org\/index.php\/contact\/\" \/>\n<meta property=\"og:locale\" content=\"tr_TR\" \/>\n<meta property=\"og:type\" content=\"article\" \/>\n<meta property=\"og:title\" content=\"Contact - Evliya \u00c7elebi\u00a0K\u00fclt\u00fcr Hizmet ve Tarihi Eserleri Onarma Derne\u011fi\" \/>\n<meta property=\"og:url\" content=\"https:\/\/evliyacelebidernegi.org\/index.php\/contact\/\" \/>\n<meta property=\"og:site_name\" content=\"Evliya \u00c7elebi\u00a0K\u00fclt\u00fcr Hizmet ve Tarihi Eserleri Onarma Derne\u011fi\" \/>\n<meta property=\"article:modified_time\" content=\"2024-08-21T13:25:47+00:00\" \/>\n<meta name=\"twitter:card\" content=\"summary_large_image\" \/>\n<script type=\"application\/ld+json\" class=\"yoast-schema-graph\">{\"@context\":\"https:\/\/schema.org\",\"@graph\":[{\"@type\":\"WebPage\",\"@id\":\"https:\/\/evliyacelebidernegi.org\/index.php\/contact\/\",\"url\":\"https:\/\/evliyacelebidernegi.org\/index.php\/contact\/\",\"name\":\"Contact - Evliya \u00c7elebi\u00a0K\u00fclt\u00fcr Hizmet ve Tarihi Eserleri Onarma Derne\u011fi\",\"isPartOf\":{\"@id\":\"https:\/\/evliyacelebidernegi.org\/#website\"},\"datePublished\":\"2018-01-04T07:05:08+00:00\",\"dateModified\":\"2024-08-21T13:25:47+00:00\",\"breadcrumb\":{\"@id\":\"https:\/\/evliyacelebidernegi.org\/index.php\/contact\/#breadcrumb\"},\"inLanguage\":\"tr\",\"potentialAction\":[{\"@type\":\"ReadAction\",\"target\":[\"https:\/\/evliyacelebidernegi.org\/index.php\/contact\/\"]}]},{\"@type\":\"BreadcrumbList\",\"@id\":\"https:\/\/evliyacelebidernegi.org\/index.php\/contact\/#breadcrumb\",\"itemListElement\":[{\"@type\":\"ListItem\",\"position\":1,\"name\":\"Anasayfa\",\"item\":\"https:\/\/evliyacelebidernegi.org\/\"},{\"@type\":\"ListItem\",\"position\":2,\"name\":\"Contact\"}]},{\"@type\":\"WebSite\",\"@id\":\"https:\/\/evliyacelebidernegi.org\/#website\",\"url\":\"https:\/\/evliyacelebidernegi.org\/\",\"name\":\"Evliya \u00c7elebi\u00a0K\u00fclt\u00fcr Hizmet ve Tarihi Eserleri Onarma Derne\u011fi\",\"description\":\"Evliya \u00c7elebi\u00a0K\u00fclt\u00fcr Hizmet ve Tarihi Eserleri Onarma Derne\u011fi\",\"publisher\":{\"@id\":\"https:\/\/evliyacelebidernegi.org\/#organization\"},\"potentialAction\":[{\"@type\":\"SearchAction\",\"target\":{\"@type\":\"EntryPoint\",\"urlTemplate\":\"https:\/\/evliyacelebidernegi.org\/?s={search_term_string}\"},\"query-input\":\"required name=search_term_string\"}],\"inLanguage\":\"tr\"},{\"@type\":\"Organization\",\"@id\":\"https:\/\/evliyacelebidernegi.org\/#organization\",\"name\":\"Evliya \u00c7elebi\u00a0K\u00fclt\u00fcr Hizmet ve Tarihi Eserleri Onarma Derne\u011fi\",\"url\":\"https:\/\/evliyacelebidernegi.org\/\",\"logo\":{\"@type\":\"ImageObject\",\"inLanguage\":\"tr\",\"@id\":\"https:\/\/evliyacelebidernegi.org\/#\/schema\/logo\/image\/\",\"url\":\"https:\/\/evliyacelebidernegi.org\/wp-content\/uploads\/2024\/08\/download.jpg\",\"contentUrl\":\"https:\/\/evliyacelebidernegi.org\/wp-content\/uploads\/2024\/08\/download.jpg\",\"width\":215,\"height\":235,\"caption\":\"Evliya \u00c7elebi\u00a0K\u00fclt\u00fcr Hizmet ve Tarihi Eserleri Onarma Derne\u011fi\"},\"image\":{\"@id\":\"https:\/\/evliyacelebidernegi.org\/#\/schema\/logo\/image\/\"}}]}<\/script>\n<!-- \/ Yoast SEO plugin. -->","yoast_head_json":{"title":"Contact - Evliya \u00c7elebi\u00a0K\u00fclt\u00fcr Hizmet ve Tarihi Eserleri Onarma Derne\u011fi","robots":{"index":"index","follow":"follow","max-snippet":"max-snippet:-1","max-image-preview":"max-image-preview:large","max-video-preview":"max-video-preview:-1"},"canonical":"https:\/\/evliyacelebidernegi.org\/index.php\/contact\/","og_locale":"tr_TR","og_type":"article","og_title":"Contact - Evliya \u00c7elebi\u00a0K\u00fclt\u00fcr Hizmet ve Tarihi Eserleri Onarma Derne\u011fi","og_url":"https:\/\/evliyacelebidernegi.org\/index.php\/contact\/","og_site_name":"Evliya \u00c7elebi\u00a0K\u00fclt\u00fcr Hizmet ve Tarihi Eserleri Onarma Derne\u011fi","article_modified_time":"2024-08-21T13:25:47+00:00","twitter_card":"summary_large_image","schema":{"@context":"https:\/\/schema.org","@graph":[{"@type":"WebPage","@id":"https:\/\/evliyacelebidernegi.org\/index.php\/contact\/","url":"https:\/\/evliyacelebidernegi.org\/index.php\/contact\/","name":"Contact - Evliya \u00c7elebi\u00a0K\u00fclt\u00fcr Hizmet ve Tarihi Eserleri Onarma Derne\u011fi","isPartOf":{"@id":"https:\/\/evliyacelebidernegi.org\/#website"},"datePublished":"2018-01-04T07:05:08+00:00","dateModified":"2024-08-21T13:25:47+00:00","breadcrumb":{"@id":"https:\/\/evliyacelebidernegi.org\/index.php\/contact\/#breadcrumb"},"inLanguage":"tr","potentialAction":[{"@type":"ReadAction","target":["https:\/\/evliyacelebidernegi.org\/index.php\/contact\/"]}]},{"@type":"BreadcrumbList","@id":"https:\/\/evliyacelebidernegi.org\/index.php\/contact\/#breadcrumb","itemListElement":[{"@type":"ListItem","position":1,"name":"Anasayfa","item":"https:\/\/evliyacelebidernegi.org\/"},{"@type":"ListItem","position":2,"name":"Contact"}]},{"@type":"WebSite","@id":"https:\/\/evliyacelebidernegi.org\/#website","url":"https:\/\/evliyacelebidernegi.org\/","name":"Evliya \u00c7elebi\u00a0K\u00fclt\u00fcr Hizmet ve Tarihi Eserleri Onarma Derne\u011fi","description":"Evliya \u00c7elebi\u00a0K\u00fclt\u00fcr Hizmet ve Tarihi Eserleri Onarma Derne\u011fi","publisher":{"@id":"https:\/\/evliyacelebidernegi.org\/#organization"},"potentialAction":[{"@type":"SearchAction","target":{"@type":"EntryPoint","urlTemplate":"https:\/\/evliyacelebidernegi.org\/?s={search_term_string}"},"query-input":"required name=search_term_string"}],"inLanguage":"tr"},{"@type":"Organization","@id":"https:\/\/evliyacelebidernegi.org\/#organization","name":"Evliya \u00c7elebi\u00a0K\u00fclt\u00fcr Hizmet ve Tarihi Eserleri Onarma Derne\u011fi","url":"https:\/\/evliyacelebidernegi.org\/","logo":{"@type":"ImageObject","inLanguage":"tr","@id":"https:\/\/evliyacelebidernegi.org\/#\/schema\/logo\/image\/","url":"https:\/\/evliyacelebidernegi.org\/wp-content\/uploads\/2024\/08\/download.jpg","contentUrl":"https:\/\/evliyacelebidernegi.org\/wp-content\/uploads\/2024\/08\/download.jpg","width":215,"height":235,"caption":"Evliya \u00c7elebi\u00a0K\u00fclt\u00fcr Hizmet ve Tarihi Eserleri Onarma Derne\u011fi"},"image":{"@id":"https:\/\/evliyacelebidernegi.org\/#\/schema\/logo\/image\/"}}]}},"_links":{"self":[{"href":"https:\/\/evliyacelebidernegi.org\/index.php\/wp-json\/wp\/v2\/pages\/80","targetHints":{"allow":["GET"]}}],"collection":[{"href":"https:\/\/evliyacelebidernegi.org\/index.php\/wp-json\/wp\/v2\/pages"}],"about":[{"href":"https:\/\/evliyacelebidernegi.org\/index.php\/wp-json\/wp\/v2\/types\/page"}],"author":[{"embeddable":true,"href":"https:\/\/evliyacelebidernegi.org\/index.php\/wp-json\/wp\/v2\/users\/1"}],"replies":[{"embeddable":true,"href":"https:\/\/evliyacelebidernegi.org\/index.php\/wp-json\/wp\/v2\/comments?post=80"}],"version-history":[{"count":10,"href":"https:\/\/evliyacelebidernegi.org\/index.php\/wp-json\/wp\/v2\/pages\/80\/revisions"}],"predecessor-version":[{"id":453,"href":"https:\/\/evliyacelebidernegi.org\/index.php\/wp-json\/wp\/v2\/pages\/80\/revisions\/453"}],"wp:attachment":[{"href":"https:\/\/evliyacelebidernegi.org\/index.php\/wp-json\/wp\/v2\/media?parent=80"}],"curies":[{"name":"wp","href":"https:\/\/api.w.org\/{rel}","templated":true}]}}