{"id":84,"date":"2018-01-04T07:06:08","date_gmt":"2018-01-04T07:06:08","guid":{"rendered":"http:\/\/buruhan1.themesawesome.com\/?page_id=84"},"modified":"2024-08-21T13:20:27","modified_gmt":"2024-08-21T13:20:27","slug":"projets","status":"publish","type":"page","link":"https:\/\/evliyacelebidernegi.org\/index.php\/projets\/","title":{"rendered":"Projects"},"content":{"rendered":"\t\t<div data-elementor-type=\"wp-post\" data-elementor-id=\"84\" class=\"elementor elementor-84\">\n\t\t\t\t\t\t<section class=\"elementor-section elementor-top-section elementor-element elementor-element-1b1146cc elementor-section-boxed elementor-section-height-default elementor-section-height-default\" data-id=\"1b1146cc\" data-element_type=\"section\" data-settings=\"{&quot;background_background&quot;:&quot;classic&quot;}\">\n\t\t\t\t\t\t<div class=\"elementor-container elementor-column-gap-default\">\n\t\t\t\t\t<div class=\"elementor-column elementor-col-100 elementor-top-column elementor-element elementor-element-5397a17c\" data-id=\"5397a17c\" data-element_type=\"column\">\n\t\t\t<div class=\"elementor-widget-wrap elementor-element-populated\">\n\t\t\t\t\t\t<div class=\"elementor-element elementor-element-1a6b143c the-title-left elementor-widget elementor-widget-buruhan-head-title\" data-id=\"1a6b143c\" data-element_type=\"widget\" data-widget_type=\"buruhan-head-title.default\">\n\t\t\t\t<div class=\"elementor-widget-container\">\n\t\t\t<div class=\"head-title head-title-8 text-left clearfix\">\r\n\t<h2 class=\"the-title\">\r\n\t\tProjeler<span class=\"title-end\">.<\/span>\t<\/h2>\r\n\t<\/div>\r\n\t\t\t\t<\/div>\n\t\t\t\t<\/div>\n\t\t\t\t<section class=\"elementor-section elementor-inner-section elementor-element elementor-element-66de3bc elementor-section-boxed elementor-section-height-default elementor-section-height-default\" data-id=\"66de3bc\" data-element_type=\"section\">\n\t\t\t\t\t\t<div class=\"elementor-container elementor-column-gap-no\">\n\t\t\t\t\t<div class=\"elementor-column elementor-col-50 elementor-inner-column elementor-element elementor-element-34636331\" data-id=\"34636331\" data-element_type=\"column\">\n\t\t\t<div class=\"elementor-widget-wrap elementor-element-populated\">\n\t\t\t\t\t\t<div class=\"elementor-element elementor-element-5572b298 elementor-widget elementor-widget-buruhan-text\" data-id=\"5572b298\" data-element_type=\"widget\" data-widget_type=\"buruhan-text.default\">\n\t\t\t\t<div class=\"elementor-widget-container\">\n\t\t\t<div class=\"buruhan-text clearfix\">\r\n<p>Projeler hakk\u0131nda detaylar...<\/p><\/div>\t\t<\/div>\n\t\t\t\t<\/div>\n\t\t\t\t\t<\/div>\n\t\t<\/div>\n\t\t\t\t<div class=\"elementor-column elementor-col-50 elementor-inner-column elementor-element elementor-element-17c5c704\" data-id=\"17c5c704\" data-element_type=\"column\">\n\t\t\t<div class=\"elementor-widget-wrap\">\n\t\t\t\t\t\t\t<\/div>\n\t\t<\/div>\n\t\t\t\t\t<\/div>\n\t\t<\/section>\n\t\t\t\t\t<\/div>\n\t\t<\/div>\n\t\t\t\t\t<\/div>\n\t\t<\/section>\n\t\t\t\t<section class=\"elementor-section elementor-top-section elementor-element elementor-element-74d54120 elementor-section-boxed elementor-section-height-default elementor-section-height-default\" data-id=\"74d54120\" data-element_type=\"section\" data-settings=\"{&quot;background_background&quot;:&quot;classic&quot;}\">\n\t\t\t\t\t\t<div class=\"elementor-container elementor-column-gap-default\">\n\t\t\t\t\t<div class=\"elementor-column elementor-col-50 elementor-top-column elementor-element elementor-element-2c0737b0\" data-id=\"2c0737b0\" data-element_type=\"column\">\n\t\t\t<div class=\"elementor-widget-wrap\">\n\t\t\t\t\t\t\t<\/div>\n\t\t<\/div>\n\t\t\t\t<div class=\"elementor-column elementor-col-50 elementor-top-column elementor-element elementor-element-16b7f741\" data-id=\"16b7f741\" data-element_type=\"column\">\n\t\t\t<div class=\"elementor-widget-wrap\">\n\t\t\t\t\t\t\t<\/div>\n\t\t<\/div>\n\t\t\t\t\t<\/div>\n\t\t<\/section>\n\t\t\t\t<\/div>\n\t\t","protected":false},"excerpt":{"rendered":"","protected":false},"author":1,"featured_media":0,"parent":0,"menu_order":0,"comment_status":"closed","ping_status":"closed","template":"template\/page-builder-template.php","meta":{"_monsterinsights_skip_tracking":false,"_monsterinsights_sitenote_active":false,"_monsterinsights_sitenote_note":"","_monsterinsights_sitenote_category":0,"footnotes":""},"class_list":["post-84","page","type-page","status-publish","hentry"],"acf":[],"yoast_head":"<!-- This site is optimized with the Yoast SEO plugin v23.3 - https:\/\/yoast.com\/wordpress\/plugins\/seo\/ -->\n<title>Projects - Evliya \u00c7elebi\u00a0K\u00fclt\u00fcr Hizmet ve Tarihi Eserleri Onarma Derne\u011fi<\/title>\n<meta name=\"robots\" content=\"index, follow, max-snippet:-1, max-image-preview:large, max-video-preview:-1\" \/>\n<link rel=\"canonical\" href=\"https:\/\/evliyacelebidernegi.org\/index.php\/projets\/\" \/>\n<meta property=\"og:locale\" content=\"tr_TR\" \/>\n<meta property=\"og:type\" content=\"article\" \/>\n<meta property=\"og:title\" content=\"Projects - Evliya \u00c7elebi\u00a0K\u00fclt\u00fcr Hizmet ve Tarihi Eserleri Onarma Derne\u011fi\" \/>\n<meta property=\"og:url\" content=\"https:\/\/evliyacelebidernegi.org\/index.php\/projets\/\" \/>\n<meta property=\"og:site_name\" content=\"Evliya \u00c7elebi\u00a0K\u00fclt\u00fcr Hizmet ve Tarihi Eserleri Onarma Derne\u011fi\" \/>\n<meta property=\"article:modified_time\" content=\"2024-08-21T13:20:27+00:00\" \/>\n<meta name=\"twitter:card\" content=\"summary_large_image\" \/>\n<script type=\"application\/ld+json\" class=\"yoast-schema-graph\">{\"@context\":\"https:\/\/schema.org\",\"@graph\":[{\"@type\":\"WebPage\",\"@id\":\"https:\/\/evliyacelebidernegi.org\/index.php\/projets\/\",\"url\":\"https:\/\/evliyacelebidernegi.org\/index.php\/projets\/\",\"name\":\"Projects - Evliya \u00c7elebi\u00a0K\u00fclt\u00fcr Hizmet ve Tarihi Eserleri Onarma Derne\u011fi\",\"isPartOf\":{\"@id\":\"https:\/\/evliyacelebidernegi.org\/#website\"},\"datePublished\":\"2018-01-04T07:06:08+00:00\",\"dateModified\":\"2024-08-21T13:20:27+00:00\",\"breadcrumb\":{\"@id\":\"https:\/\/evliyacelebidernegi.org\/index.php\/projets\/#breadcrumb\"},\"inLanguage\":\"tr\",\"potentialAction\":[{\"@type\":\"ReadAction\",\"target\":[\"https:\/\/evliyacelebidernegi.org\/index.php\/projets\/\"]}]},{\"@type\":\"BreadcrumbList\",\"@id\":\"https:\/\/evliyacelebidernegi.org\/index.php\/projets\/#breadcrumb\",\"itemListElement\":[{\"@type\":\"ListItem\",\"position\":1,\"name\":\"Anasayfa\",\"item\":\"https:\/\/evliyacelebidernegi.org\/\"},{\"@type\":\"ListItem\",\"position\":2,\"name\":\"Projects\"}]},{\"@type\":\"WebSite\",\"@id\":\"https:\/\/evliyacelebidernegi.org\/#website\",\"url\":\"https:\/\/evliyacelebidernegi.org\/\",\"name\":\"Evliya \u00c7elebi\u00a0K\u00fclt\u00fcr Hizmet ve Tarihi Eserleri Onarma Derne\u011fi\",\"description\":\"Evliya \u00c7elebi\u00a0K\u00fclt\u00fcr Hizmet ve Tarihi Eserleri Onarma Derne\u011fi\",\"publisher\":{\"@id\":\"https:\/\/evliyacelebidernegi.org\/#organization\"},\"potentialAction\":[{\"@type\":\"SearchAction\",\"target\":{\"@type\":\"EntryPoint\",\"urlTemplate\":\"https:\/\/evliyacelebidernegi.org\/?s={search_term_string}\"},\"query-input\":\"required name=search_term_string\"}],\"inLanguage\":\"tr\"},{\"@type\":\"Organization\",\"@id\":\"https:\/\/evliyacelebidernegi.org\/#organization\",\"name\":\"Evliya \u00c7elebi\u00a0K\u00fclt\u00fcr Hizmet ve Tarihi Eserleri Onarma Derne\u011fi\",\"url\":\"https:\/\/evliyacelebidernegi.org\/\",\"logo\":{\"@type\":\"ImageObject\",\"inLanguage\":\"tr\",\"@id\":\"https:\/\/evliyacelebidernegi.org\/#\/schema\/logo\/image\/\",\"url\":\"https:\/\/evliyacelebidernegi.org\/wp-content\/uploads\/2024\/08\/download.jpg\",\"contentUrl\":\"https:\/\/evliyacelebidernegi.org\/wp-content\/uploads\/2024\/08\/download.jpg\",\"width\":215,\"height\":235,\"caption\":\"Evliya \u00c7elebi\u00a0K\u00fclt\u00fcr Hizmet ve Tarihi Eserleri Onarma Derne\u011fi\"},\"image\":{\"@id\":\"https:\/\/evliyacelebidernegi.org\/#\/schema\/logo\/image\/\"}}]}<\/script>\n<!-- \/ Yoast SEO plugin. -->","yoast_head_json":{"title":"Projects - Evliya \u00c7elebi\u00a0K\u00fclt\u00fcr Hizmet ve Tarihi Eserleri Onarma Derne\u011fi","robots":{"index":"index","follow":"follow","max-snippet":"max-snippet:-1","max-image-preview":"max-image-preview:large","max-video-preview":"max-video-preview:-1"},"canonical":"https:\/\/evliyacelebidernegi.org\/index.php\/projets\/","og_locale":"tr_TR","og_type":"article","og_title":"Projects - Evliya \u00c7elebi\u00a0K\u00fclt\u00fcr Hizmet ve Tarihi Eserleri Onarma Derne\u011fi","og_url":"https:\/\/evliyacelebidernegi.org\/index.php\/projets\/","og_site_name":"Evliya \u00c7elebi\u00a0K\u00fclt\u00fcr Hizmet ve Tarihi Eserleri Onarma Derne\u011fi","article_modified_time":"2024-08-21T13:20:27+00:00","twitter_card":"summary_large_image","schema":{"@context":"https:\/\/schema.org","@graph":[{"@type":"WebPage","@id":"https:\/\/evliyacelebidernegi.org\/index.php\/projets\/","url":"https:\/\/evliyacelebidernegi.org\/index.php\/projets\/","name":"Projects - Evliya \u00c7elebi\u00a0K\u00fclt\u00fcr Hizmet ve Tarihi Eserleri Onarma Derne\u011fi","isPartOf":{"@id":"https:\/\/evliyacelebidernegi.org\/#website"},"datePublished":"2018-01-04T07:06:08+00:00","dateModified":"2024-08-21T13:20:27+00:00","breadcrumb":{"@id":"https:\/\/evliyacelebidernegi.org\/index.php\/projets\/#breadcrumb"},"inLanguage":"tr","potentialAction":[{"@type":"ReadAction","target":["https:\/\/evliyacelebidernegi.org\/index.php\/projets\/"]}]},{"@type":"BreadcrumbList","@id":"https:\/\/evliyacelebidernegi.org\/index.php\/projets\/#breadcrumb","itemListElement":[{"@type":"ListItem","position":1,"name":"Anasayfa","item":"https:\/\/evliyacelebidernegi.org\/"},{"@type":"ListItem","position":2,"name":"Projects"}]},{"@type":"WebSite","@id":"https:\/\/evliyacelebidernegi.org\/#website","url":"https:\/\/evliyacelebidernegi.org\/","name":"Evliya \u00c7elebi\u00a0K\u00fclt\u00fcr Hizmet ve Tarihi Eserleri Onarma Derne\u011fi","description":"Evliya \u00c7elebi\u00a0K\u00fclt\u00fcr Hizmet ve Tarihi Eserleri Onarma Derne\u011fi","publisher":{"@id":"https:\/\/evliyacelebidernegi.org\/#organization"},"potentialAction":[{"@type":"SearchAction","target":{"@type":"EntryPoint","urlTemplate":"https:\/\/evliyacelebidernegi.org\/?s={search_term_string}"},"query-input":"required name=search_term_string"}],"inLanguage":"tr"},{"@type":"Organization","@id":"https:\/\/evliyacelebidernegi.org\/#organization","name":"Evliya \u00c7elebi\u00a0K\u00fclt\u00fcr Hizmet ve Tarihi Eserleri Onarma Derne\u011fi","url":"https:\/\/evliyacelebidernegi.org\/","logo":{"@type":"ImageObject","inLanguage":"tr","@id":"https:\/\/evliyacelebidernegi.org\/#\/schema\/logo\/image\/","url":"https:\/\/evliyacelebidernegi.org\/wp-content\/uploads\/2024\/08\/download.jpg","contentUrl":"https:\/\/evliyacelebidernegi.org\/wp-content\/uploads\/2024\/08\/download.jpg","width":215,"height":235,"caption":"Evliya \u00c7elebi\u00a0K\u00fclt\u00fcr Hizmet ve Tarihi Eserleri Onarma Derne\u011fi"},"image":{"@id":"https:\/\/evliyacelebidernegi.org\/#\/schema\/logo\/image\/"}}]}},"_links":{"self":[{"href":"https:\/\/evliyacelebidernegi.org\/index.php\/wp-json\/wp\/v2\/pages\/84","targetHints":{"allow":["GET"]}}],"collection":[{"href":"https:\/\/evliyacelebidernegi.org\/index.php\/wp-json\/wp\/v2\/pages"}],"about":[{"href":"https:\/\/evliyacelebidernegi.org\/index.php\/wp-json\/wp\/v2\/types\/page"}],"author":[{"embeddable":true,"href":"https:\/\/evliyacelebidernegi.org\/index.php\/wp-json\/wp\/v2\/users\/1"}],"replies":[{"embeddable":true,"href":"https:\/\/evliyacelebidernegi.org\/index.php\/wp-json\/wp\/v2\/comments?post=84"}],"version-history":[{"count":4,"href":"https:\/\/evliyacelebidernegi.org\/index.php\/wp-json\/wp\/v2\/pages\/84\/revisions"}],"predecessor-version":[{"id":444,"href":"https:\/\/evliyacelebidernegi.org\/index.php\/wp-json\/wp\/v2\/pages\/84\/revisions\/444"}],"wp:attachment":[{"href":"https:\/\/evliyacelebidernegi.org\/index.php\/wp-json\/wp\/v2\/media?parent=84"}],"curies":[{"name":"wp","href":"https:\/\/api.w.org\/{rel}","templated":true}]}}